{"id":7,"date":"2017-03-26T18:27:33","date_gmt":"2017-03-26T16:27:33","guid":{"rendered":"http:\/\/hauer.it\/wordpress\/?page_id=7"},"modified":"2017-10-24T09:51:35","modified_gmt":"2017-10-24T07:51:35","slug":"startseite","status":"publish","type":"page","link":"https:\/\/hauer.it\/","title":{"rendered":"Startseite"},"content":{"rendered":"<p>Willkommen bei Hauer.IT &#8211; Datentechnik<\/p>\n<p>Moderne IT ben\u00f6tigt eine fachkundige und verl\u00e4ssliche Betreuung, die so nur ein kompetenter und erfahrener Partner bieten kann. Hauer IT in Ebsdorf ist dieser Partner.<\/p>\n<p>Hauer IT betreut IT-Systeme im Umkreis Ebsdorfergrund und auch weit dar\u00fcber hinaus. Einzelplatzinstallationen gilt dabei ebenso unsere uneingeschr\u00e4nkte Aufmerksamkeit wie die komplexe Infrastruktur mit spezifischen Ger\u00e4ten von Firmen. Unser Leistungsspektrum beginnt mit der Konzeption und Beratung und erstreckt sich \u00fcber den Aufbau, die Wartung und die Administration bis hin zur individuellen Schulung. <\/p>\n<p>Unauff\u00e4llige IT-Unterst\u00fctzung oder leistungsstarke Server-Systeme, abgestimmt auf Ihre internen Gesch\u00e4ftsprozesse und Anforderungen bietet Hauer IT Ihnen die richtige und auch bezahlbare L\u00f6sung.<\/p>\n","protected":false},"excerpt":{"rendered":"<p>Willkommen bei Hauer.IT &#8211; Datentechnik Moderne IT ben\u00f6tigt eine fachkundige und verl\u00e4ssliche Betreuung, die so nur ein kompetenter und erfahrener Partner bieten kann. Hauer IT in Ebsdorf ist dieser Partner&#8230;. <a href=\"https:\/\/hauer.it\/\">Read more &raquo;<\/a><\/p>\n","protected":false},"author":1,"featured_media":0,"parent":0,"menu_order":0,"comment_status":"closed","ping_status":"closed","template":"","meta":{"spay_email":""},"jetpack_sharing_enabled":true,"jetpack_shortlink":"https:\/\/wp.me\/P8yGW3-7","jetpack-related-posts":[{"id":66,"url":"https:\/\/hauer.it\/?page_id=66","url_meta":{"origin":7,"position":0},"title":"Partner","date":"27. M\u00e4rz 2017","format":false,"excerpt":"Um Ihre IT-Systeme qualitativ hochwertig und sicher aufbauen und pflegen zu k\u00f6nnen, arbeiten wir in enger Partnerschaft mit Unternehmen zusammen, die ein breites Spektrum an Erfahrung besitzen.","rel":"","context":"Similar post","img":{"alt_text":"","src":"","width":0,"height":0},"classes":[]},{"id":2,"url":"https:\/\/hauer.it\/?page_id=2","url_meta":{"origin":7,"position":1},"title":"Leistungen","date":"26. M\u00e4rz 2017","format":false,"excerpt":"Kompakte Beratung + Service rund um Ihren Internetzugang Planung von IT-L\u00f6sungen Bedarfsgerechte Planung und Realisierung Ihres Computernetzwerks Telekommunikationsl\u00f6sungen in Privat + Firmenvernetzung PC Reparaturservice Vor-Ort und Remote-Service Schulungen Analyse, Planung, Erstellung und Umsetzung von IT-Sicherheitskonzepte, Backup-Systeme, Schutzprogramme, Richtlinien IT-Vertr\u00e4ge optimieren","rel":"","context":"Similar post","img":{"alt_text":"","src":"","width":0,"height":0},"classes":[]},{"id":64,"url":"https:\/\/hauer.it\/?page_id=64","url_meta":{"origin":7,"position":2},"title":"Referenzen","date":"27. M\u00e4rz 2017","format":false,"excerpt":"Zu unseren Kunden z\u00e4hlen vor allem kleine Firmen, Freiberufler und Privatpersonen, die meist in einer langj\u00e4hrigen Beziehung zu uns stehen. Der Service vor Ort steht bei uns im Vordergrund. Durch eine genaue Analyse, werden unsere Kunden umfassend und bedarfsorientiert beraten. Von der Planung \u00fcber die Lieferung und Installation, bis hin\u2026","rel":"","context":"Similar post","img":{"alt_text":"","src":"","width":0,"height":0},"classes":[]},{"id":9,"url":"https:\/\/hauer.it\/?page_id=9","url_meta":{"origin":7,"position":3},"title":"Kontakt","date":"26. M\u00e4rz 2017","format":false,"excerpt":"Kontakt \u00fcber: info@hauer.it\u00a0 oder rufen Sie uns an. - im Aufbau -","rel":"","context":"Similar post","img":{"alt_text":"","src":"","width":0,"height":0},"classes":[]},{"id":1687,"url":"https:\/\/hauer.it\/?page_id=1687","url_meta":{"origin":7,"position":4},"title":"Storchennest Ebsdorf","date":"17. M\u00e4rz 2022","format":false,"excerpt":"","rel":"","context":"Similar post","img":{"alt_text":"","src":"","width":0,"height":0},"classes":[]},{"id":2800,"url":"https:\/\/hauer.it\/?page_id=2800","url_meta":{"origin":7,"position":5},"title":"Fernwartung","date":"20. Juli 2019","format":false,"excerpt":"Damit wir Ihnen helfen k\u00f6nnen, installieren Sie bitte die Software von TeamViewer TeamVierHost","rel":"","context":"Similar post","img":{"alt_text":"","src":"","width":0,"height":0},"classes":[]}],"_links":{"self":[{"href":"https:\/\/hauer.it\/index.php?rest_route=\/wp\/v2\/pages\/7"}],"collection":[{"href":"https:\/\/hauer.it\/index.php?rest_route=\/wp\/v2\/pages"}],"about":[{"href":"https:\/\/hauer.it\/index.php?rest_route=\/wp\/v2\/types\/page"}],"author":[{"embeddable":true,"href":"https:\/\/hauer.it\/index.php?rest_route=\/wp\/v2\/users\/1"}],"replies":[{"embeddable":true,"href":"https:\/\/hauer.it\/index.php?rest_route=%2Fwp%2Fv2%2Fcomments&post=7"}],"version-history":[{"count":6,"href":"https:\/\/hauer.it\/index.php?rest_route=\/wp\/v2\/pages\/7\/revisions"}],"predecessor-version":[{"id":198,"href":"https:\/\/hauer.it\/index.php?rest_route=\/wp\/v2\/pages\/7\/revisions\/198"}],"wp:attachment":[{"href":"https:\/\/hauer.it\/index.php?rest_route=%2Fwp%2Fv2%2Fmedia&parent=7"}],"curies":[{"name":"wp","href":"https:\/\/api.w.org\/{rel}","templated":true}]}}