{"id":64,"date":"2017-03-27T13:41:14","date_gmt":"2017-03-27T11:41:14","guid":{"rendered":"http:\/\/hauer.it\/wordpress\/?page_id=64"},"modified":"2018-05-18T08:34:25","modified_gmt":"2018-05-18T06:34:25","slug":"referenzen","status":"publish","type":"page","link":"https:\/\/hauer.it\/?page_id=64","title":{"rendered":"Referenzen"},"content":{"rendered":"<p>Zu unseren Kunden z\u00e4hlen vor allem kleine Firmen, Freiberufler und Privatpersonen, die meist in einer langj\u00e4hrigen Beziehung zu uns stehen.<\/p>\n<p>Der Service vor Ort steht bei uns im Vordergrund. Durch eine genaue Analyse, werden unsere Kunden umfassend und bedarfsorientiert beraten.<br \/>\nVon der Planung \u00fcber die Lieferung und Installation, bis hin zur \u00dcberwachung und Wartung der EDV-Systeme sind wir f\u00fcr Sie der richtige Ansprechpartner.<\/p>\n<p>Wir freuen uns auf Ihre <a href=\"http:\/\/hauer.it\/?page_id=9\">Kontaktaufnahme<\/a>.<\/p>\n","protected":false},"excerpt":{"rendered":"<p>Zu unseren Kunden z\u00e4hlen vor allem kleine Firmen, Freiberufler und Privatpersonen, die meist in einer langj\u00e4hrigen Beziehung zu uns stehen. Der Service vor Ort steht bei uns im Vordergrund. Durch&#8230; <a href=\"https:\/\/hauer.it\/?page_id=64\">Read more &raquo;<\/a><\/p>\n","protected":false},"author":1,"featured_media":0,"parent":0,"menu_order":0,"comment_status":"closed","ping_status":"closed","template":"","meta":{"spay_email":""},"jetpack_sharing_enabled":true,"jetpack_shortlink":"https:\/\/wp.me\/P8yGW3-12","jetpack-related-posts":[{"id":282,"url":"https:\/\/hauer.it\/?page_id=282","url_meta":{"origin":64,"position":0},"title":"Projekte","date":"28. November 2017","format":false,"excerpt":"StorchenCam Ebsdorf Endlich wieder St\u00f6rche in Ebsdorf! Initiert vom\u00a0Heimat- und Versch\u00f6nerungsverein Ebsdorf wurde mit Bereitstellung der Hardware von Team Construction GmbH aus Kirchhain eine \u00dcberwachungskamera zur Webcam umfunktioniert. Unser Haus stellt die IT-Infrastruktur im gesicherten V-Lan zur Verf\u00fcgung und k\u00fcmmerte sich um die Einrichtung. Hier gehts zur Kamera Die von\u2026","rel":"","context":"Similar post","img":{"alt_text":"","src":"","width":0,"height":0},"classes":[]},{"id":55,"url":"https:\/\/hauer.it\/?page_id=55","url_meta":{"origin":64,"position":1},"title":"Impressum \/ Datenschutz \/ AGB","date":"28. M\u00e4rz 2017","format":false,"excerpt":"Impressum Angaben gem\u00e4\u00df \u00a7 5 TMG: Christian Hauer Hauer.IT Kirchgasse 10 35085 Ebsdorfergrund Kontakt: Telefon: 0160 6343873 Telefax: 064249289265 E- Mail: info@hauer.it Angaben zur Betriebshaftpflichtversicherung: Name und Sitz des Versicherers: Generali Deutschland Versicherung AG Adenauerring 7 81737 M\u00fcnchen Geltungsraum der Versicherung: Deutschland Haftungsausschluss (Disclaimer) Haftung f\u00fcr Inhalte Als Diensteanbieter sind\u2026","rel":"","context":"Similar post","img":{"alt_text":"","src":"","width":0,"height":0},"classes":[]},{"id":9,"url":"https:\/\/hauer.it\/?page_id=9","url_meta":{"origin":64,"position":2},"title":"Kontakt","date":"26. M\u00e4rz 2017","format":false,"excerpt":"Kontakt \u00fcber: info@hauer.it\u00a0 oder rufen Sie uns an. - im Aufbau -","rel":"","context":"Similar post","img":{"alt_text":"","src":"","width":0,"height":0},"classes":[]},{"id":66,"url":"https:\/\/hauer.it\/?page_id=66","url_meta":{"origin":64,"position":3},"title":"Partner","date":"27. M\u00e4rz 2017","format":false,"excerpt":"Um Ihre IT-Systeme qualitativ hochwertig und sicher aufbauen und pflegen zu k\u00f6nnen, arbeiten wir in enger Partnerschaft mit Unternehmen zusammen, die ein breites Spektrum an Erfahrung besitzen.","rel":"","context":"Similar post","img":{"alt_text":"","src":"","width":0,"height":0},"classes":[]},{"id":2800,"url":"https:\/\/hauer.it\/?page_id=2800","url_meta":{"origin":64,"position":4},"title":"Fernwartung","date":"20. Juli 2019","format":false,"excerpt":"Damit wir Ihnen helfen k\u00f6nnen, installieren Sie bitte die Software von TeamViewer TeamVierHost","rel":"","context":"Similar post","img":{"alt_text":"","src":"","width":0,"height":0},"classes":[]},{"id":2,"url":"https:\/\/hauer.it\/?page_id=2","url_meta":{"origin":64,"position":5},"title":"Leistungen","date":"26. M\u00e4rz 2017","format":false,"excerpt":"Kompakte Beratung + Service rund um Ihren Internetzugang Planung von IT-L\u00f6sungen Bedarfsgerechte Planung und Realisierung Ihres Computernetzwerks Telekommunikationsl\u00f6sungen in Privat + Firmenvernetzung PC Reparaturservice Vor-Ort und Remote-Service Schulungen Analyse, Planung, Erstellung und Umsetzung von IT-Sicherheitskonzepte, Backup-Systeme, Schutzprogramme, Richtlinien IT-Vertr\u00e4ge optimieren","rel":"","context":"Similar post","img":{"alt_text":"","src":"","width":0,"height":0},"classes":[]}],"_links":{"self":[{"href":"https:\/\/hauer.it\/index.php?rest_route=\/wp\/v2\/pages\/64"}],"collection":[{"href":"https:\/\/hauer.it\/index.php?rest_route=\/wp\/v2\/pages"}],"about":[{"href":"https:\/\/hauer.it\/index.php?rest_route=\/wp\/v2\/types\/page"}],"author":[{"embeddable":true,"href":"https:\/\/hauer.it\/index.php?rest_route=\/wp\/v2\/users\/1"}],"replies":[{"embeddable":true,"href":"https:\/\/hauer.it\/index.php?rest_route=%2Fwp%2Fv2%2Fcomments&post=64"}],"version-history":[{"count":37,"href":"https:\/\/hauer.it\/index.php?rest_route=\/wp\/v2\/pages\/64\/revisions"}],"predecessor-version":[{"id":537,"href":"https:\/\/hauer.it\/index.php?rest_route=\/wp\/v2\/pages\/64\/revisions\/537"}],"wp:attachment":[{"href":"https:\/\/hauer.it\/index.php?rest_route=%2Fwp%2Fv2%2Fmedia&parent=64"}],"curies":[{"name":"wp","href":"https:\/\/api.w.org\/{rel}","templated":true}]}}