{"id":282,"date":"2017-11-28T12:09:51","date_gmt":"2017-11-28T11:09:51","guid":{"rendered":"http:\/\/hauer.it\/?page_id=282"},"modified":"2019-05-03T08:53:14","modified_gmt":"2019-05-03T06:53:14","slug":"projekte","status":"publish","type":"page","link":"https:\/\/hauer.it\/?page_id=282","title":{"rendered":"Projekte"},"content":{"rendered":"<h1>StorchenCam Ebsdorf<\/h1>\n<p>Endlich wieder St\u00f6rche in Ebsdorf!<\/p>\n<p>Initiert vom\u00a0<a href=\"http:\/\/hvv-ebsdorf.de\" target=\"_blank\" rel=\"noopener noreferrer\">Heimat- und Versch\u00f6nerungsverein Ebsdorf <\/a>wurde mit Bereitstellung der Hardware von <a href=\"http:\/\/team-construction.de\" target=\"_blank\" rel=\"noopener noreferrer\">Team Construction GmbH aus Kirchhain <\/a>eine \u00dcberwachungskamera zur Webcam umfunktioniert.<\/p>\n<p>Unser Haus stellt die IT-Infrastruktur im gesicherten V-Lan zur Verf\u00fcgung und k\u00fcmmerte sich um die Einrichtung.<\/p>\n<p><a href=\"https:\/\/www.hvv-ebsdorf.de\/storchennest-wieder-bewohnt\/\" target=\"_blank\" rel=\"noopener noreferrer\">Hier gehts zur Kamera<\/a><\/p>\n<p>Die von uns geleisteten Arbeiten und auch der laufende Support sind unentgeltlich. Wir finden die Idee grandios, alle an den sehr selten Schauspiel, einer Aufzucht in einem Horst direkt im Ortskern, teilhaben zu lassen.<\/p>\n<h1><\/h1>\n<h1>Papierloses B\u00fcro<\/h1>\n<p><em>Vorheriger Zustand: Hauptb\u00fcro, 4 Standorte, laufende Druckkosten von ca 5000 Euro\/Jahr<\/em><\/p>\n<p>Ein ambitioniertes Projekt eines Kunden, welcher gleich an insgesamt 5 Standorten auf &#171;papierlos&#187; umstellen m\u00f6chte. Eine durch Zufall an 4 Standorten anfallende Anschaffung von Verbrauchsmaterial zeigte die hohen laufenden Kosten auf, die in der Jahresbilanz nicht weiter ins Auge fiele.<\/p>\n<p>Die im Vorfeld andauernde Planung und Organisation fand nun ein Ende und die angestrebte L\u00f6sung zur Umsetzung wird nun Auftrag geben. Durch die Gespr\u00e4che im Vorfeld war uns bewusst, dass nicht die technische Seite ein Problem darstellen w\u00fcrde, sondern die Schulung der Mitarbeiter und der Datenschutz.<\/p>\n<p>Die Standorte werden mit einer verschl\u00fcsselten Verbindung miteinander vernetzt und haben nur Zugriff auf die jeweilig relevanten Dateien.<\/p>\n<h1>Active Directory mal anders<\/h1>\n<p><em>Vorheriger Zustand: Windows 2003 Server, 2 Standorte, Emails lokal via POP3\/IMAP-Abruf<\/em><\/p>\n<p>Der Support f\u00fcr Windows Server 2003 wurde im Juli 2015 eingestellt. Um auch weiterhin optimal gesch\u00fctzt zu sein, wurde im Zuge der Projektplanung ein neue Serverstruktur in Auftrag gegeben.<\/p>\n<p>Um die Anschaffungskosten m\u00f6glichst gering zu halten, entschieden wir uns f\u00fcr eine L\u00f6sung mittels einer NAS. Unproblematische Einrichtung, leichte Wartung der IT direkt vor Ort duch die geschulten Mitarbeiter sowie die stabile Lauff\u00e4higkeit zeigen nur einen Teil der positiven Eigenschaften auf.<\/p>\n<p>Mittels verschl\u00fcsselter Verbindung wird auch der 2. Standort ohne Probleme in die Dom\u00e4ne eingebunden und der zentrale Zugriff auf die Daten steht nichts im Wege.<\/p>\n<p>Eine Unterbrechungsfreie Stromversorgung &#171;USV&#187; sorgt auch in Problemf\u00e4llen f\u00fcr ein sauberes Herunterfahren des System ohne Datenverlust.<\/p>\n","protected":false},"excerpt":{"rendered":"<p>StorchenCam Ebsdorf Endlich wieder St\u00f6rche in Ebsdorf! Initiert vom\u00a0Heimat- und Versch\u00f6nerungsverein Ebsdorf wurde mit Bereitstellung der Hardware von Team Construction GmbH aus Kirchhain eine \u00dcberwachungskamera zur Webcam umfunktioniert. Unser Haus&#8230; <a href=\"https:\/\/hauer.it\/?page_id=282\">Read more &raquo;<\/a><\/p>\n","protected":false},"author":2,"featured_media":0,"parent":2,"menu_order":0,"comment_status":"closed","ping_status":"closed","template":"","meta":{"spay_email":""},"jetpack_sharing_enabled":true,"jetpack_shortlink":"https:\/\/wp.me\/P8yGW3-4y","jetpack-related-posts":[{"id":55,"url":"https:\/\/hauer.it\/?page_id=55","url_meta":{"origin":282,"position":0},"title":"Impressum \/ Datenschutz \/ AGB","date":"28. M\u00e4rz 2017","format":false,"excerpt":"Impressum Angaben gem\u00e4\u00df \u00a7 5 TMG: Christian Hauer Hauer.IT Kirchgasse 10 35085 Ebsdorfergrund Kontakt: Telefon: 0160 6343873 Telefax: 064249289265 E- Mail: info@hauer.it Angaben zur Betriebshaftpflichtversicherung: Name und Sitz des Versicherers: Generali Deutschland Versicherung AG Adenauerring 7 81737 M\u00fcnchen Geltungsraum der Versicherung: Deutschland Haftungsausschluss (Disclaimer) Haftung f\u00fcr Inhalte Als Diensteanbieter sind\u2026","rel":"","context":"Similar post","img":{"alt_text":"","src":"","width":0,"height":0},"classes":[]},{"id":64,"url":"https:\/\/hauer.it\/?page_id=64","url_meta":{"origin":282,"position":1},"title":"Referenzen","date":"27. M\u00e4rz 2017","format":false,"excerpt":"Zu unseren Kunden z\u00e4hlen vor allem kleine Firmen, Freiberufler und Privatpersonen, die meist in einer langj\u00e4hrigen Beziehung zu uns stehen. Der Service vor Ort steht bei uns im Vordergrund. Durch eine genaue Analyse, werden unsere Kunden umfassend und bedarfsorientiert beraten. Von der Planung \u00fcber die Lieferung und Installation, bis hin\u2026","rel":"","context":"Similar post","img":{"alt_text":"","src":"","width":0,"height":0},"classes":[]},{"id":7,"url":"https:\/\/hauer.it\/","url_meta":{"origin":282,"position":2},"title":"Startseite","date":"26. M\u00e4rz 2017","format":false,"excerpt":"Willkommen bei Hauer.IT - Datentechnik Moderne IT ben\u00f6tigt eine fachkundige und verl\u00e4ssliche Betreuung, die so nur ein kompetenter und erfahrener Partner bieten kann. Hauer IT in Ebsdorf ist dieser Partner. Hauer IT betreut IT-Systeme im Umkreis Ebsdorfergrund und auch weit dar\u00fcber hinaus. Einzelplatzinstallationen gilt dabei ebenso unsere uneingeschr\u00e4nkte Aufmerksamkeit wie\u2026","rel":"","context":"Similar post","img":{"alt_text":"","src":"","width":0,"height":0},"classes":[]},{"id":2,"url":"https:\/\/hauer.it\/?page_id=2","url_meta":{"origin":282,"position":3},"title":"Leistungen","date":"26. M\u00e4rz 2017","format":false,"excerpt":"Kompakte Beratung + Service rund um Ihren Internetzugang Planung von IT-L\u00f6sungen Bedarfsgerechte Planung und Realisierung Ihres Computernetzwerks Telekommunikationsl\u00f6sungen in Privat + Firmenvernetzung PC Reparaturservice Vor-Ort und Remote-Service Schulungen Analyse, Planung, Erstellung und Umsetzung von IT-Sicherheitskonzepte, Backup-Systeme, Schutzprogramme, Richtlinien IT-Vertr\u00e4ge optimieren","rel":"","context":"Similar post","img":{"alt_text":"","src":"","width":0,"height":0},"classes":[]},{"id":2800,"url":"https:\/\/hauer.it\/?page_id=2800","url_meta":{"origin":282,"position":4},"title":"Fernwartung","date":"20. Juli 2019","format":false,"excerpt":"Damit wir Ihnen helfen k\u00f6nnen, installieren Sie bitte die Software von TeamViewer TeamVierHost","rel":"","context":"Similar post","img":{"alt_text":"","src":"","width":0,"height":0},"classes":[]},{"id":9,"url":"https:\/\/hauer.it\/?page_id=9","url_meta":{"origin":282,"position":5},"title":"Kontakt","date":"26. M\u00e4rz 2017","format":false,"excerpt":"Kontakt \u00fcber: info@hauer.it\u00a0 oder rufen Sie uns an. - im Aufbau -","rel":"","context":"Similar post","img":{"alt_text":"","src":"","width":0,"height":0},"classes":[]}],"_links":{"self":[{"href":"https:\/\/hauer.it\/index.php?rest_route=\/wp\/v2\/pages\/282"}],"collection":[{"href":"https:\/\/hauer.it\/index.php?rest_route=\/wp\/v2\/pages"}],"about":[{"href":"https:\/\/hauer.it\/index.php?rest_route=\/wp\/v2\/types\/page"}],"author":[{"embeddable":true,"href":"https:\/\/hauer.it\/index.php?rest_route=\/wp\/v2\/users\/2"}],"replies":[{"embeddable":true,"href":"https:\/\/hauer.it\/index.php?rest_route=%2Fwp%2Fv2%2Fcomments&post=282"}],"version-history":[{"count":6,"href":"https:\/\/hauer.it\/index.php?rest_route=\/wp\/v2\/pages\/282\/revisions"}],"predecessor-version":[{"id":1876,"href":"https:\/\/hauer.it\/index.php?rest_route=\/wp\/v2\/pages\/282\/revisions\/1876"}],"up":[{"embeddable":true,"href":"https:\/\/hauer.it\/index.php?rest_route=\/wp\/v2\/pages\/2"}],"wp:attachment":[{"href":"https:\/\/hauer.it\/index.php?rest_route=%2Fwp%2Fv2%2Fmedia&parent=282"}],"curies":[{"name":"wp","href":"https:\/\/api.w.org\/{rel}","templated":true}]}}