{"id":2,"date":"2017-03-26T18:24:34","date_gmt":"2017-03-26T16:24:34","guid":{"rendered":"http:\/\/hauer.it\/wordpress\/?page_id=2"},"modified":"2017-10-24T09:13:14","modified_gmt":"2017-10-24T07:13:14","slug":"beispiel-seite","status":"publish","type":"page","link":"https:\/\/hauer.it\/?page_id=2","title":{"rendered":"Leistungen"},"content":{"rendered":"<ul>Kompakte Beratung + Service rund um Ihren Internetzugang<\/ul>\n<ul>Planung von IT-L\u00f6sungen<\/ul>\n<ul>Bedarfsgerechte Planung und Realisierung Ihres Computernetzwerks<\/ul>\n<ul>Telekommunikationsl\u00f6sungen in Privat + Firmenvernetzung<\/ul>\n<ul>PC Reparaturservice<\/ul>\n<ul>Vor-Ort und Remote-Service<\/ul>\n<ul>Schulungen<\/ul>\n<ul>Analyse, Planung, Erstellung und Umsetzung von IT-Sicherheitskonzepte, Backup-Systeme, Schutzprogramme, Richtlinien<\/ul>\n<ul>IT-Vertr\u00e4ge optimieren<\/ul>\n","protected":false},"excerpt":{"rendered":"<p>Kompakte Beratung + Service rund um Ihren Internetzugang Planung von IT-L\u00f6sungen Bedarfsgerechte Planung und Realisierung Ihres Computernetzwerks Telekommunikationsl\u00f6sungen in Privat + Firmenvernetzung PC Reparaturservice Vor-Ort und Remote-Service Schulungen Analyse, Planung,&#8230; <a href=\"https:\/\/hauer.it\/?page_id=2\">Read more &raquo;<\/a><\/p>\n","protected":false},"author":1,"featured_media":0,"parent":0,"menu_order":0,"comment_status":"closed","ping_status":"open","template":"","meta":{"spay_email":""},"jetpack_sharing_enabled":true,"jetpack_shortlink":"https:\/\/wp.me\/P8yGW3-2","jetpack-related-posts":[{"id":64,"url":"https:\/\/hauer.it\/?page_id=64","url_meta":{"origin":2,"position":0},"title":"Referenzen","date":"27. M\u00e4rz 2017","format":false,"excerpt":"Zu unseren Kunden z\u00e4hlen vor allem kleine Firmen, Freiberufler und Privatpersonen, die meist in einer langj\u00e4hrigen Beziehung zu uns stehen. Der Service vor Ort steht bei uns im Vordergrund. Durch eine genaue Analyse, werden unsere Kunden umfassend und bedarfsorientiert beraten. Von der Planung \u00fcber die Lieferung und Installation, bis hin\u2026","rel":"","context":"Similar post","img":{"alt_text":"","src":"","width":0,"height":0},"classes":[]},{"id":282,"url":"https:\/\/hauer.it\/?page_id=282","url_meta":{"origin":2,"position":1},"title":"Projekte","date":"28. November 2017","format":false,"excerpt":"StorchenCam Ebsdorf Endlich wieder St\u00f6rche in Ebsdorf! Initiert vom\u00a0Heimat- und Versch\u00f6nerungsverein Ebsdorf wurde mit Bereitstellung der Hardware von Team Construction GmbH aus Kirchhain eine \u00dcberwachungskamera zur Webcam umfunktioniert. Unser Haus stellt die IT-Infrastruktur im gesicherten V-Lan zur Verf\u00fcgung und k\u00fcmmerte sich um die Einrichtung. Hier gehts zur Kamera Die von\u2026","rel":"","context":"Similar post","img":{"alt_text":"","src":"","width":0,"height":0},"classes":[]},{"id":55,"url":"https:\/\/hauer.it\/?page_id=55","url_meta":{"origin":2,"position":2},"title":"Impressum \/ Datenschutz \/ AGB","date":"28. M\u00e4rz 2017","format":false,"excerpt":"Impressum Angaben gem\u00e4\u00df \u00a7 5 TMG: Christian Hauer Hauer.IT Kirchgasse 10 35085 Ebsdorfergrund Kontakt: Telefon: 0160 6343873 Telefax: 064249289265 E- Mail: info@hauer.it Angaben zur Betriebshaftpflichtversicherung: Name und Sitz des Versicherers: Generali Deutschland Versicherung AG Adenauerring 7 81737 M\u00fcnchen Geltungsraum der Versicherung: Deutschland Haftungsausschluss (Disclaimer) Haftung f\u00fcr Inhalte Als Diensteanbieter sind\u2026","rel":"","context":"Similar post","img":{"alt_text":"","src":"","width":0,"height":0},"classes":[]},{"id":2800,"url":"https:\/\/hauer.it\/?page_id=2800","url_meta":{"origin":2,"position":3},"title":"Fernwartung","date":"20. Juli 2019","format":false,"excerpt":"Damit wir Ihnen helfen k\u00f6nnen, installieren Sie bitte die Software von TeamViewer TeamVierHost","rel":"","context":"Similar post","img":{"alt_text":"","src":"","width":0,"height":0},"classes":[]},{"id":7,"url":"https:\/\/hauer.it\/","url_meta":{"origin":2,"position":4},"title":"Startseite","date":"26. M\u00e4rz 2017","format":false,"excerpt":"Willkommen bei Hauer.IT - Datentechnik Moderne IT ben\u00f6tigt eine fachkundige und verl\u00e4ssliche Betreuung, die so nur ein kompetenter und erfahrener Partner bieten kann. Hauer IT in Ebsdorf ist dieser Partner. Hauer IT betreut IT-Systeme im Umkreis Ebsdorfergrund und auch weit dar\u00fcber hinaus. Einzelplatzinstallationen gilt dabei ebenso unsere uneingeschr\u00e4nkte Aufmerksamkeit wie\u2026","rel":"","context":"Similar post","img":{"alt_text":"","src":"","width":0,"height":0},"classes":[]}],"_links":{"self":[{"href":"https:\/\/hauer.it\/index.php?rest_route=\/wp\/v2\/pages\/2"}],"collection":[{"href":"https:\/\/hauer.it\/index.php?rest_route=\/wp\/v2\/pages"}],"about":[{"href":"https:\/\/hauer.it\/index.php?rest_route=\/wp\/v2\/types\/page"}],"author":[{"embeddable":true,"href":"https:\/\/hauer.it\/index.php?rest_route=\/wp\/v2\/users\/1"}],"replies":[{"embeddable":true,"href":"https:\/\/hauer.it\/index.php?rest_route=%2Fwp%2Fv2%2Fcomments&post=2"}],"version-history":[{"count":5,"href":"https:\/\/hauer.it\/index.php?rest_route=\/wp\/v2\/pages\/2\/revisions"}],"predecessor-version":[{"id":180,"href":"https:\/\/hauer.it\/index.php?rest_route=\/wp\/v2\/pages\/2\/revisions\/180"}],"wp:attachment":[{"href":"https:\/\/hauer.it\/index.php?rest_route=%2Fwp%2Fv2%2Fmedia&parent=2"}],"curies":[{"name":"wp","href":"https:\/\/api.w.org\/{rel}","templated":true}]}}